{"id":2458,"date":"2023-04-02T23:02:50","date_gmt":"2023-04-02T22:02:50","guid":{"rendered":"https:\/\/ebc.hu\/datenschutz\/"},"modified":"2023-04-03T05:23:25","modified_gmt":"2023-04-03T04:23:25","slug":"datenschutz","status":"publish","type":"page","link":"https:\/\/ebc.hu\/de\/datenschutz\/","title":{"rendered":"Datenschutz"},"content":{"rendered":"\n<h1>Datenschutzerkl\u00e4rung<\/h1>\r\n<p>\u00a0<\/p>\r\n<h2>Kontaktdaten<\/h2>\r\n<p style=\"font-size: 16px; font-weight: 400;\"><strong>Name:<\/strong>\u00a0Enterprise Business Consulting Ltd.<br \/><strong>Standort:<\/strong>\u00a0Brass\u00f3i utca 21., 1212 Budapest, Hungary<br \/><strong>EU TaxID:<\/strong>\u00a0HU11981127<br \/><strong>Ungarische Registrierungsnummer:<\/strong>\u00a001-09-686382<br \/><strong>E-mail:\u00a0<\/strong><a href=\"mailto:dataprotection@enterprisebc.io\">dataprotection@enterprisebc.io<\/a><\/p>\r\n<p>\u00a0<\/p>\r\n<h2>A. Datenerhebung<\/h2>\r\n<p>Wir erheben, speichern und verarbeiten Daten beim Besuch unserer Webseiten.<\/p>\r\n<p>Ihr Besuch auf unseren Webseiten wird protokolliert. Erfasst werden im Wesentlichen die aktuell von Ihrem\u00a0Endger\u00e4t\u00a0verwendete IP-Adresse, Datum und Uhrzeit, der Browsertyp und das Betriebssystem Ihres\u00a0Endger\u00e4ts\u00a0sowie die von Ihnen betrachteten Seiten. Ein Personenbezug ist uns im Regelfall nicht m\u00f6glich und auch nicht beabsichtigt.<\/p>\r\n<p>\u00a0<\/p>\r\n<h2>B. Datenverwendung und -weitergabe<\/h2>\r\n<p>Die personenbezogenen Daten, die Sie uns z.B. bei einer Kontaktanfrage oder per E-Mail mitteilen (etwa\u00a0Ihr Name und Ihre Adresse oder Ihre E-Mail-Adresse), werden nur zur Korrespondenz mit Ihnen\u00a0bzw.\u00a0nur f\u00fcr den Zweck verarbeitet, zu dem Sie uns die Daten zur Verf\u00fcgung gestellt haben.<\/p>\r\n<p>Wir versichern, dass wir Ihre personenbezogenen Daten nicht an Dritte weitergeben, es sei denn, dass wir dazu gesetzlich verpflichtet w\u00e4ren oder Sie uns vorher Ihre Zustimmung gegeben haben. Soweit wir zur Durchf\u00fchrung und Abwicklung von Verarbeitungsprozessen Dienstleister in Anspruch nehmen, werden die Vertragsverh\u00e4ltnisse nach den Bestimmungen des Ungarische (EU) datenschutzgesetzes geregelt.<\/p>\r\n<p>C. Einwilligung und Widerruf<\/p>\r\n<p>Wenn Sie uns personenbezogene Daten \u00fcberlassen haben, k\u00f6nnen\u00a0Sie diese jederzeit wieder l\u00f6schen\u00a0lassen. Daten f\u00fcr Abrechnungs- und buchhalterische Zwecke sind von einer K\u00fcndigung\/einem Widerruf bzw. von einer L\u00f6schung nicht ber\u00fchrt.<\/p>\r\n<p>\u00a0<\/p>\r\n<h2>D. Speicherdauer<\/h2>\r\n<p>Personenbezogene Daten, die uns \u00fcber unsere Website mitgeteilt worden sind, werden nur so lange gespeichert, bis der Zweck erf\u00fcllt ist, zu dem sie uns anvertraut wurden. Soweit handels- und\u00a0steuerrechtliche Aufbewahrungsfristen zu beachten sind, kann die Speicherdauer zu bestimmten Daten bis zu 10 Jahre betragen.<\/p>\r\n<p>\u00a0<\/p>\r\n<h2>E. \u00c4nderungen der Datenschutzerkl\u00e4rung<\/h2>\r\n<p>Wir behalten uns vor, die Datenschutzerkl\u00e4rung zu \u00e4ndern, um sie an ge\u00e4nderte Rechtslagen, oder bei \u00c4nderungen des Dienstes sowie der Datenverarbeitung anzupassen. Dies gilt jedoch nur im Hinblick auf Erkl\u00e4rungen zur Datenverarbeitung. Sofern Einwilligungen der Nutzer erforderlich sind oder Bestandteile der Datenschutzerkl\u00e4rung Regelungen des Vertragsverh\u00e4ltnisses mit den Nutzern enthalten, erfolgen die \u00c4nderungen nur mit Zustimmung der Nutzer.<br \/>Die Nutzer werden gebeten sich regelm\u00e4\u00dfig \u00fcber den Inhalt der Datenschutzerkl\u00e4rung zu informieren.<\/p>\r\n<p>\u00a0<\/p>\r\n<h2>F. Erhebung von Zugriffsdaten und Logfiles<\/h2>\r\n<p>In der blo\u00dfen Informativ nutzung unserer Website, zum Beispiel wenn Sie sich nicht registrieren oder uns anderweitig Informationen zur Verf\u00fcgung stellen, erfassen wir nur Daten, die Ihr Browser an unseren Server \u00fcbermittelt (sogenannte Serverlogfiles).<\/p>\r\n<p>Zu den Zugriffsdaten geh\u00f6ren Name der abgerufenen Webseite, Datei, Datum und Uhrzeit des Abrufs, \u00fcbertragene Datenmenge, Meldung \u00fcber erfolgreichen Abruf, Browsertyp nebst Version, das Betriebssystem des Nutzers, Referrer URL (die zuvor besuchte Seite), IP-Adresse und der anfragende Provider.<\/p>\r\n<p>Die Verarbeitung erfolgt in \u00dcbereinstimmung mit der DSGVO auf der Grundlage unseres berechtigten Interesses an der Verbesserung der Stabilit\u00e4t und Funktionalit\u00e4t unserer Website.<\/p>\r\n<p>\u00a0<\/p>\r\n<h2>G. Zusammenarbeit mit Auftragsverarbeitern und Dritten<\/h2>\r\n<p>Wenn wir im Zuge unserer Verarbeitung Daten an andere Personen und Unternehmen (Bearbeiter oder Dritte) weitergeben, an Dritte weitergeben oder anderweitig Zugriff auf die Daten gew\u00e4hren, geschieht dies nur aufgrund einer gesetzlichen Erlaubnis (zB wenn die Daten werden an Dritte weitergegeben, da Zahlungsdienstleister gem\u00e4\u00df der DSGVO zur Vertragserf\u00fcllung verpflichtet sind, Sie einer gesetzlichen Verpflichtung oder aufgrund unserer berechtigten Interessen zugestimmt haben (zB bei Beauftragten) , Web-Hosts usw.) Beauftragen wir Dritte mit der Verarbeitung von Daten auf der Grundlage eines sogenannten &#8220;Vertragsverarbeitungsvertrags&#8221;, geschieht dies auf der Grundlage der DSGVO.<\/p>\r\n<p>\u00a0<\/p>\r\n<h2>H. Verwendung von Cookies<\/h2>\r\n<h3>a) Allgemein<\/h3>\r\n<p>Um den Besuch unserer Website attraktiv zu gestalten und die Nutzung bestimmter Funktionen zu erm\u00f6glichen, verwenden wir auf verschiedenen Seiten sogenannte Cookies. Hierbei handelt es sich um kleine Textdateien, die auf Ihrem Endger\u00e4t abgelegt werden. Einige der von uns verwendeten Cookies werden nach dem Ende der Browser-Sitzung, also nach Schlie\u00dfen Ihres Browsers, wieder gel\u00f6scht (sog. Sitzungs-Cookies). Andere Cookies verbleiben auf Ihrem Endger\u00e4t und erm\u00f6glichen uns oder unseren Partnerunternehmen, Ihren Browser beim n\u00e4chsten Besuch wiederzuerkennen (persistente Cookies). Wir verwenden Cookies, um Inhalte und Anzeigen zu personalisieren und die Zugriffe auf unsere Website zu analysieren. Au\u00dferdem geben wir Informationen zu Ihrer Nutzung unserer Website an unsere Partner f\u00fcr soziale Medien, Werbung und Analysen weiter. Details finden Sie unter:\u00a0<a href=\"http:\/\/www.google.com\/intl\/de\/policies\/privacy\/partners\/\">http:\/\/www.google.com\/intl\/de\/policies\/privacy\/partners\/.<\/a><\/p>\r\n<h3>b) Einwilligung<\/h3>\r\n<p>Mit der Best\u00e4tigung des Einwilligungsbuttons auf der Startseite haben Sie der Verwendung von Cookies zugestimmt. Dies ist f\u00fcr den Betrieb der Webseite nicht zwingend\u00a0 erforderlich, bei der Nichtannahme von Cookies kann die Funktionalit\u00e4t unserer Website jedoch eingeschr\u00e4nkt sein. Um die Verwendung von Cookies zu verhindern, k\u00f6nnen Sie diese \u00fcber Ihre Browsereinstellungen blockieren.<\/p>\r\n<h3>c) Steuerung nach der Einwilligung<\/h3>\r\n<p>Im \u00dcbrigen k\u00f6nnen Sie Cookies, sofern Sie in deren Verwendung eingewilligt haben, nach Belieben steuern und\/oder l\u00f6schen. Wie, erfahren Sie z.B. hier: AllAboutCookies.org. Sie k\u00f6nnen alle auf Ihrem Rechner abgelegten Cookies l\u00f6schen und die meisten Browser so einstellen, dass die Ablage von Cookies verhindert wird. Dann m\u00fcssen Sie aber m\u00f6glicherweise einige Einstellungen bei jedem Besuch einer Seite manuell vornehmen und die Beeintr\u00e4chtigung mancher Funktionen in Kauf nehmen. Bitte beachten Sie zus\u00e4tzlich den nachfolgenden Buchstaben d) zum Einsatz von Google Analytics.<\/p>\r\n<h3>d) Google Analytics<\/h3>\r\n<p>Diese Website benutzt Google Analytics, einen Webanalysedienst der Google Inc., 1600 Amphitheatre Parkway, Mountain View, CA 94043, USA (\u201cGoogle\u201d).<\/p>\r\n<p>Google Analytics verwendet sog. \u201eCookies\u201c, Textdateien, die auf Ihrem Computer gespeichert werden und eine Analyse der Benutzung der Website durch Sie erm\u00f6glichen. Die durch den Cookie erzeugten Informationen \u00fcber Ihre Benutzung dieser Website (einschlie\u00dflich Ihrer IP-Adresse), werden an einen Server von Google in den USA \u00fcbertragen und dort gespeichert. Google wird die gespeicherten Informationen verwenden, um Ihre Nutzung der Website auszuwerten, um Reports \u00fcber die Websiteaktivit\u00e4ten f\u00fcr die Websitebetreiber zusammenzustellen und um weitere mit der Websitenutzung und der Internetnutzung verbundene Dienstleistungen zu erbringen.<\/p>\r\n<p>Auch wird Google diese Informationen gegebenenfalls an Dritte \u00fcbertragen, sofern dies gesetzlich vorgeschrieben ist oder soweit Dritte diese Daten im Auftrag von Google verarbeiten. Google wird in keinem Fall Ihre IP-Adresse mit anderen Daten von Google in Verbindung bringen. Sie k\u00f6nnen die Installation der Cookies durch eine entsprechende Einstellung Ihrer Browser Software verhindern; wir weisen Sie jedoch darauf hin, dass Sie in diesem Fall gegebenenfalls nicht s\u00e4mtliche Funktionen dieser Website vollumf\u00e4nglich nutzen k\u00f6nnen. Durch die Nutzung dieser Website erkl\u00e4ren Sie sich mit der Bearbeitung der \u00fcber Sie erhobenen Daten durch Google in der zuvor beschriebenen Art und Weise und zu dem zuvor benannten Zweck einverstanden.<\/p>\r\n<p>Sie k\u00f6nnen der Datenerhebung jederzeit mit Wirkung f\u00fcr die Zukunft widersprechen, indem Sie das Deaktivierungs-Add-on f\u00fcr Browser von Google Analytics unter\u00a0<a href=\"http:\/\/tools.google.com\/dlpage\/gaoptout?hl=de\">http:\/\/tools.google.com\/dlpage\/gaoptout?hl=de<\/a>\u00a0verwenden.<\/p>\r\n<p>Die Erfassung durch Google Universal Analytics k\u00f6nnen Sie auch verhindern, indem Sie den folgenden Link\u00a0 anklicken. Es wird ein Opt- Out-Cookie gesetzt, das die zuk\u00fcnftige Erfassung Ihrer Daten beim Besuch dieser Website verhindert:<\/p>\r\n<p><strong>Google Analytics deaktivieren<\/strong><\/p>\r\n<p>Wir weisen darauf hin, dass diese Website Google Analytics mit der Erweiterung \u201e_anonymizeIp()\u201c verwendet. Dadurch werden IP-Adressen ausschlie\u00dflich in anonymisierter Form gespeichert, ein direkter Personenbezug im Zusammenhang mit den gespeicherten Daten ist damit ausgeschlossen.<\/p>\r\n<p>\u00a0<\/p>\r\n<h2>I.\u00a0Social-Media- und YouTube Schaltfl\u00e4chen<\/h2>\r\n<p>Die innerhalb unseres Onlineangebotes eingesetzten Links\/Schaltfl\u00e4chen zu sozialen Netzwerken und Plattformen (nachfolgend bezeichnet als \u201eSocial-Media\u201c) stellen keinen direkten Kontakt zwischen sozialen Netzwerken und den Nutzern her. Deren Funktion entspricht der Wirkungsweise eines regul\u00e4ren Online-Links.<br \/>Informationen zum Umgang mit Ihren personenbezogenen Daten bei der Nutzung dieser Webseiten entnehmen Sie bitte den jeweiligen Datenschutzbestimmungen der Anbieter.<\/p>\r\n<p>Youtube:\u00a0<a href=\"https:\/\/policies.google.com\/privacy?hl=de&amp;gl=de\">https:\/\/policies.google.com\/privacy?hl=de&amp;gl=de<\/a><br \/>Anbieter: Google Inc., 1600 Amphitheatre Parkway, Mountain View, CA 94043, USA<\/p>\r\n<p>Facebook:\u00a0<a href=\"https:\/\/www.facebook.com\/policy.php\">https:\/\/www.facebook.com\/policy.php<\/a><br \/>Anbieter: Facebook Inc., 1601 Willow Road, Nelo Park, CA 94025, USA<\/p>\r\n<p>LinkedIn:\u00a0<a href=\"https:\/\/www.linkedin.com\/legal\/privacy-policy\">https:\/\/www.linkedin.com\/legal\/privacy-policy<\/a><br \/>Anbieter: LinkedIn Corporation, 2029 Stierlin Court, Mountain View, CA 94043, USA<\/p>\r\n<p>\u00a0<\/p>\r\n<h2>J.\u00a0TLS-Verschl\u00fcsselung<\/h2>\r\n<p>Wir sch\u00fctzen die \u00dcbertragung Ihrer Daten mit einer sicheren (AES 128 Bit) TLS-Verbindung. TLS (Transport Layer Security) ist eine Sicherheitstechnologie, die gew\u00e4hrleistet, dass Ihre pers\u00f6nlichen Daten sicher \u00fcber das Internet transferiert und f\u00fcr Fremde nicht einsehbar \u00fcbertragen werden.<\/p>\r\n<p>Verschl\u00fcsselte Daten<\/p>\r\n<p>Folgende Daten werden verschl\u00fcsselt: s\u00e4mtliche Verbindungsdaten.<\/p>\r\n<p>\u00a0<\/p>\r\n<h2>K.\u00a0Ihre Rechte, Auskunft<\/h2>\r\n<p>Sollten Sie mit der Speicherung Ihrer personenbezogenen Daten nicht mehr einverstanden oder diese unrichtig geworden sein, werden wir auf eine entsprechende Weisung hin die L\u00f6schung oder Sperrung Ihrer Daten veranlassen oder die notwendigen Korrekturen vornehmen (soweit dies nach dem geltendem Recht m\u00f6glich ist). Auf Wunsch erhalten Sie unentgeltlich Auskunft \u00fcber alle personenbezogenen Daten, die wir \u00fcber Sie gespeichert haben.<\/p>\r\n<p>Bei Fragen zur Erhebung, Verarbeitung oder Nutzung Ihrer personenbezogenen Daten, bei Ausk\u00fcnften, Berichtigung, Sperrung oder L\u00f6schung von Daten wenden Sie sich bitte per E-Mail an: <a href=\"mailto:dataprotection@enterprisebc.io\">dataprotection@enterprisebc.io<\/a><\/p>\r\n<p>\u00a0<\/p>\r\n<p>01.09.2018<\/p>\n","protected":false},"excerpt":{"rendered":"Datenschutzerkl\u00e4rung \u00a0 Kontaktdaten Name:\u00a0Enterprise Business Consulting Ltd.Standort:\u00a0Brass\u00f3i utca 21., 1212 Budapest, HungaryEU TaxID:\u00a0HU11981127Ungarische Registrierungsnummer:\u00a001-09-686382E-mail:\u00a0dataprotection@enterprisebc.io \u00a0 A. Datenerhebung Wir erheben, speichern und verarbeiten Daten beim Besuch unserer Webseiten. Ihr Besuch auf unseren Webseiten wird protokolliert. Erfasst werden im Wesentlichen die aktuell von Ihrem\u00a0Endger\u00e4t\u00a0verwendete IP-Adresse, Datum und Uhrzeit, der Browsertyp und das Betriebssystem Ihres\u00a0Endger\u00e4ts\u00a0sowie die von Ihnen","protected":false},"author":3,"featured_media":0,"parent":0,"menu_order":0,"comment_status":"closed","ping_status":"closed","template":"","meta":{"footnotes":""},"class_list":["post-2458","page","type-page","status-publish","hentry"],"acf":[],"yoast_head":"<!-- This site is optimized with the Yoast SEO Premium plugin v20.3 (Yoast SEO v20.5) - https:\/\/yoast.com\/wordpress\/plugins\/seo\/ -->\n<title>Datenschutz - Enterprise Business Consulting<\/title>\n<meta name=\"robots\" content=\"index, follow, max-snippet:-1, max-image-preview:large, max-video-preview:-1\" \/>\n<link rel=\"canonical\" href=\"https:\/\/ebc.hu\/de\/datenschutz\/\" \/>\n<meta property=\"og:locale\" content=\"de_DE\" \/>\n<meta property=\"og:type\" content=\"article\" \/>\n<meta property=\"og:title\" content=\"Datenschutz\" \/>\n<meta property=\"og:url\" content=\"https:\/\/ebc.hu\/de\/datenschutz\/\" \/>\n<meta property=\"og:site_name\" content=\"Enterprise Business Consulting\" \/>\n<meta property=\"article:publisher\" content=\"https:\/\/www.facebook.com\/EnterpriseBusinessConsultingKft\/\" \/>\n<meta property=\"article:modified_time\" content=\"2023-04-03T04:23:25+00:00\" \/>\n<meta property=\"og:image\" content=\"https:\/\/ebc.hu\/wp-content\/uploads\/2018\/09\/ebc-og-image.jpg\" \/>\n\t<meta property=\"og:image:width\" content=\"1200\" \/>\n\t<meta property=\"og:image:height\" content=\"630\" \/>\n\t<meta property=\"og:image:type\" content=\"image\/jpeg\" \/>\n<meta name=\"twitter:card\" content=\"summary_large_image\" \/>\n<meta name=\"twitter:label1\" content=\"Gesch\u00e4tzte Lesezeit\" \/>\n\t<meta name=\"twitter:data1\" content=\"7 Minuten\" \/>\n<script type=\"application\/ld+json\" class=\"yoast-schema-graph\">{\"@context\":\"https:\/\/schema.org\",\"@graph\":[{\"@type\":\"WebPage\",\"@id\":\"https:\/\/ebc.hu\/de\/datenschutz\/\",\"url\":\"https:\/\/ebc.hu\/de\/datenschutz\/\",\"name\":\"Datenschutz - Enterprise Business Consulting\",\"isPartOf\":{\"@id\":\"https:\/\/ebc.hu\/de\/#website\"},\"datePublished\":\"2023-04-02T22:02:50+00:00\",\"dateModified\":\"2023-04-03T04:23:25+00:00\",\"breadcrumb\":{\"@id\":\"https:\/\/ebc.hu\/de\/datenschutz\/#breadcrumb\"},\"inLanguage\":\"de\",\"potentialAction\":[{\"@type\":\"ReadAction\",\"target\":[\"https:\/\/ebc.hu\/de\/datenschutz\/\"]}]},{\"@type\":\"BreadcrumbList\",\"@id\":\"https:\/\/ebc.hu\/de\/datenschutz\/#breadcrumb\",\"itemListElement\":[{\"@type\":\"ListItem\",\"position\":1,\"name\":\"Home\",\"item\":\"https:\/\/ebc.hu\/de\/\"},{\"@type\":\"ListItem\",\"position\":2,\"name\":\"Datenschutz\"}]},{\"@type\":\"WebSite\",\"@id\":\"https:\/\/ebc.hu\/de\/#website\",\"url\":\"https:\/\/ebc.hu\/de\/\",\"name\":\"Enterprise Business Consulting\",\"description\":\"Your Partner in SAP Development\",\"publisher\":{\"@id\":\"https:\/\/ebc.hu\/de\/#organization\"},\"potentialAction\":[{\"@type\":\"SearchAction\",\"target\":{\"@type\":\"EntryPoint\",\"urlTemplate\":\"https:\/\/ebc.hu\/de\/?s={search_term_string}\"},\"query-input\":\"required name=search_term_string\"}],\"inLanguage\":\"de\"},{\"@type\":\"Organization\",\"@id\":\"https:\/\/ebc.hu\/de\/#organization\",\"name\":\"Enterprise Business Consulting Kft.\",\"url\":\"https:\/\/ebc.hu\/de\/\",\"logo\":{\"@type\":\"ImageObject\",\"inLanguage\":\"de\",\"@id\":\"https:\/\/ebc.hu\/de\/#\/schema\/logo\/image\/\",\"url\":\"https:\/\/ebc.hu\/wp-content\/uploads\/2018\/09\/enterprise-business-consulting-logo.png\",\"contentUrl\":\"https:\/\/ebc.hu\/wp-content\/uploads\/2018\/09\/enterprise-business-consulting-logo.png\",\"width\":350,\"height\":82,\"caption\":\"Enterprise Business Consulting Kft.\"},\"image\":{\"@id\":\"https:\/\/ebc.hu\/de\/#\/schema\/logo\/image\/\"},\"sameAs\":[\"https:\/\/www.facebook.com\/EnterpriseBusinessConsultingKft\/\"]}]}<\/script>\n<!-- \/ Yoast SEO Premium plugin. -->","yoast_head_json":{"title":"Datenschutz - Enterprise Business Consulting","robots":{"index":"index","follow":"follow","max-snippet":"max-snippet:-1","max-image-preview":"max-image-preview:large","max-video-preview":"max-video-preview:-1"},"canonical":"https:\/\/ebc.hu\/de\/datenschutz\/","og_locale":"de_DE","og_type":"article","og_title":"Datenschutz","og_url":"https:\/\/ebc.hu\/de\/datenschutz\/","og_site_name":"Enterprise Business Consulting","article_publisher":"https:\/\/www.facebook.com\/EnterpriseBusinessConsultingKft\/","article_modified_time":"2023-04-03T04:23:25+00:00","og_image":[{"width":1200,"height":630,"url":"https:\/\/ebc.hu\/wp-content\/uploads\/2018\/09\/ebc-og-image.jpg","type":"image\/jpeg"}],"twitter_card":"summary_large_image","twitter_misc":{"Gesch\u00e4tzte Lesezeit":"7 Minuten"},"schema":{"@context":"https:\/\/schema.org","@graph":[{"@type":"WebPage","@id":"https:\/\/ebc.hu\/de\/datenschutz\/","url":"https:\/\/ebc.hu\/de\/datenschutz\/","name":"Datenschutz - Enterprise Business Consulting","isPartOf":{"@id":"https:\/\/ebc.hu\/de\/#website"},"datePublished":"2023-04-02T22:02:50+00:00","dateModified":"2023-04-03T04:23:25+00:00","breadcrumb":{"@id":"https:\/\/ebc.hu\/de\/datenschutz\/#breadcrumb"},"inLanguage":"de","potentialAction":[{"@type":"ReadAction","target":["https:\/\/ebc.hu\/de\/datenschutz\/"]}]},{"@type":"BreadcrumbList","@id":"https:\/\/ebc.hu\/de\/datenschutz\/#breadcrumb","itemListElement":[{"@type":"ListItem","position":1,"name":"Home","item":"https:\/\/ebc.hu\/de\/"},{"@type":"ListItem","position":2,"name":"Datenschutz"}]},{"@type":"WebSite","@id":"https:\/\/ebc.hu\/de\/#website","url":"https:\/\/ebc.hu\/de\/","name":"Enterprise Business Consulting","description":"Your Partner in SAP Development","publisher":{"@id":"https:\/\/ebc.hu\/de\/#organization"},"potentialAction":[{"@type":"SearchAction","target":{"@type":"EntryPoint","urlTemplate":"https:\/\/ebc.hu\/de\/?s={search_term_string}"},"query-input":"required name=search_term_string"}],"inLanguage":"de"},{"@type":"Organization","@id":"https:\/\/ebc.hu\/de\/#organization","name":"Enterprise Business Consulting Kft.","url":"https:\/\/ebc.hu\/de\/","logo":{"@type":"ImageObject","inLanguage":"de","@id":"https:\/\/ebc.hu\/de\/#\/schema\/logo\/image\/","url":"https:\/\/ebc.hu\/wp-content\/uploads\/2018\/09\/enterprise-business-consulting-logo.png","contentUrl":"https:\/\/ebc.hu\/wp-content\/uploads\/2018\/09\/enterprise-business-consulting-logo.png","width":350,"height":82,"caption":"Enterprise Business Consulting Kft."},"image":{"@id":"https:\/\/ebc.hu\/de\/#\/schema\/logo\/image\/"},"sameAs":["https:\/\/www.facebook.com\/EnterpriseBusinessConsultingKft\/"]}]}},"_links":{"self":[{"href":"https:\/\/ebc.hu\/de\/wp-json\/wp\/v2\/pages\/2458","targetHints":{"allow":["GET"]}}],"collection":[{"href":"https:\/\/ebc.hu\/de\/wp-json\/wp\/v2\/pages"}],"about":[{"href":"https:\/\/ebc.hu\/de\/wp-json\/wp\/v2\/types\/page"}],"author":[{"embeddable":true,"href":"https:\/\/ebc.hu\/de\/wp-json\/wp\/v2\/users\/3"}],"replies":[{"embeddable":true,"href":"https:\/\/ebc.hu\/de\/wp-json\/wp\/v2\/comments?post=2458"}],"version-history":[{"count":3,"href":"https:\/\/ebc.hu\/de\/wp-json\/wp\/v2\/pages\/2458\/revisions"}],"predecessor-version":[{"id":2461,"href":"https:\/\/ebc.hu\/de\/wp-json\/wp\/v2\/pages\/2458\/revisions\/2461"}],"wp:attachment":[{"href":"https:\/\/ebc.hu\/de\/wp-json\/wp\/v2\/media?parent=2458"}],"curies":[{"name":"wp","href":"https:\/\/api.w.org\/{rel}","templated":true}]}}