{"id":2128,"date":"2018-04-04T13:29:15","date_gmt":"2018-04-04T12:29:15","guid":{"rendered":"https:\/\/www.ebc.hu\/contact\/"},"modified":"2018-05-22T10:37:40","modified_gmt":"2018-05-22T09:37:40","slug":"contact","status":"publish","type":"page","link":"https:\/\/ebc.hu\/en\/contact\/","title":{"rendered":"Contact"},"content":{"rendered":"<section class=\"wpb-content-wrapper\"><p>[vc_row css=&#8221;.vc_custom_1485423383193{margin-bottom: 20px !important;}&#8221;][vc_column css=&#8221;.vc_custom_1485424286916{margin-bottom: 30px !important;}&#8221; offset=&#8221;vc_col-lg-4&#8243;][vc_column_text el_class=&#8221;border_base_color&#8221; css=&#8221;.vc_custom_1519996119932{margin-bottom: 28px !important;border-bottom-width: 3px !important;padding-bottom: 32px !important;border-bottom-color: #002e5b !important;border-bottom-style: solid !important;}&#8221;]<span style=\"color: #444444; font-family: Montserrat;\"><span style=\"letter-spacing: -0.4px;\">Ha k\u00e9rd\u00e9se akadt vagy t\u00f6bbet szeretne megtudni c\u00e9g\u00fcnkr\u0151l, k\u00e9rj\u00fck haszn\u00e1lja az \u00fczenetk\u00fcld\u0151 \u0171rlapot vagy keressen minket az al\u00e1bbi el\u00e9rhet\u0151s\u00e9gek egyik\u00e9n.<\/span><\/span>[\/vc_column_text][stm_contacts_widget style=&#8221;style_4&#8243; email=&#8221;info@ebc.hu&#8221; phone=&#8221;+36 30 210 7234&#8243; title=&#8221;Enterprise Business Consulting Kft.&#8221; address=&#8221;1212 Budapest, Brass\u00f3i utca 21.&#8221; facebook=&#8221;https:\/\/www.facebook.com\/EnterpriseBusinessConsultingKft\/&#8221; linkedin=&#8221;https:\/\/www.linkedin.com\/company\/enterprise-business-consulting-kft.\/&#8221; skype=&#8221;rpalotai@ebchu.onmicrosoft.com&#8221;][stm_contacts_widget style=&#8221;style_4&#8243;][\/vc_column][vc_column css=&#8221;.vc_custom_1485424295749{margin-bottom: 30px !important;}&#8221; offset=&#8221;vc_col-lg-8&#8243;]\n<div class=\"wpcf7 no-js\" id=\"wpcf7-f2161-o1\" lang=\"en-US\" dir=\"ltr\">\n<div class=\"screen-reader-response\"><p role=\"status\" aria-live=\"polite\" aria-atomic=\"true\"><\/p> <ul><\/ul><\/div>\n<form action=\"\/en\/wp-json\/wp\/v2\/pages\/2128#wpcf7-f2161-o1\" method=\"post\" class=\"wpcf7-form init\" aria-label=\"Contact form\" novalidate=\"novalidate\" data-status=\"init\">\n<div style=\"display: none;\">\n<input type=\"hidden\" name=\"_wpcf7\" value=\"2161\" \/>\n<input type=\"hidden\" name=\"_wpcf7_version\" value=\"5.7.5.1\" \/>\n<input type=\"hidden\" name=\"_wpcf7_locale\" value=\"en_US\" \/>\n<input type=\"hidden\" name=\"_wpcf7_unit_tag\" value=\"wpcf7-f2161-o1\" \/>\n<input type=\"hidden\" name=\"_wpcf7_container_post\" value=\"0\" \/>\n<input type=\"hidden\" name=\"_wpcf7_posted_data_hash\" value=\"\" \/>\n<input type=\"hidden\" name=\"_wpcf7_recaptcha_response\" value=\"\" \/>\n<\/div>\n<div class=\"request_callback\">\n    <div class=\"row\">\n        <div class=\"col-lg-6 col-md-6 col-sm-6 col-xs-12\">\n            <div class=\"input-group\">\n                <span class=\"wpcf7-form-control-wrap\" data-name=\"text-name\"><input size=\"40\" class=\"wpcf7-form-control wpcf7-text wpcf7-validates-as-required\" aria-required=\"true\" aria-invalid=\"false\" placeholder=\"Name *\" value=\"\" type=\"text\" name=\"text-name\" \/><\/span>\n            <\/div>\n            <div class=\"input-group\">\n                <span class=\"wpcf7-form-control-wrap\" data-name=\"title\"><input size=\"40\" class=\"wpcf7-form-control wpcf7-text\" aria-invalid=\"false\" placeholder=\"Position\" value=\"\" type=\"text\" name=\"title\" \/><\/span>\n            <\/div>\n            <div class=\"input-group\">\n                <span class=\"wpcf7-form-control-wrap\" data-name=\"company\"><input size=\"40\" class=\"wpcf7-form-control wpcf7-text\" aria-invalid=\"false\" placeholder=\"Company name\" value=\"\" type=\"text\" name=\"company\" \/><\/span>\n            <\/div>\n            <div class=\"input-group\">\n                <span class=\"wpcf7-form-control-wrap\" data-name=\"email\"><input size=\"40\" class=\"wpcf7-form-control wpcf7-text wpcf7-email wpcf7-validates-as-required wpcf7-validates-as-email\" aria-required=\"true\" aria-invalid=\"false\" placeholder=\"Email *\" value=\"\" type=\"email\" name=\"email\" \/><\/span>\n            <\/div>\n        <\/div>\n        <div class=\"col-lg-6 col-md-6 col-sm-6 col-xs-12\">\n            <div class=\"input-group\">\n                <span class=\"wpcf7-form-control-wrap\" data-name=\"subject\"><input size=\"40\" class=\"wpcf7-form-control wpcf7-text wpcf7-validates-as-required\" aria-required=\"true\" aria-invalid=\"false\" placeholder=\"Subject *\" value=\"\" type=\"text\" name=\"subject\" \/><\/span>\n            <\/div>\n            <div class=\"input-group\">\n                <span class=\"wpcf7-form-control-wrap\" data-name=\"message\"><textarea cols=\"40\" rows=\"10\" class=\"wpcf7-form-control wpcf7-textarea wpcf7-validates-as-required\" aria-required=\"true\" aria-invalid=\"false\" placeholder=\"Message *\" name=\"message\"><\/textarea><\/span>\n            <\/div>\n            <div class=\"input-group\">\n                <span class=\"wpcf7-form-control-wrap\" data-name=\"acceptance-95\"><span class=\"wpcf7-form-control wpcf7-acceptance\"><span class=\"wpcf7-list-item\"><label><input type=\"checkbox\" name=\"acceptance-95\" value=\"1\" aria-invalid=\"false\" \/><span class=\"wpcf7-list-item-label\">Accept Privacy Policy.<\/span><\/label><\/span><\/span><\/span>\n            <\/div>\n\t<\/div>\n    <\/div>\n    <div class=\"row\">\n        <div class=\"col-lg-12\">\n            <div class=\"input-group\">\n                \n            <\/div>\n            <div class=\"input-group\">\n                <button type=\"submit\" class=\"button size-lg wpcf7-submit\">send <i class=\"fa fa-chevron-right\"><\/i><\/button>\n            <\/div>\n        <\/div>\n    <\/div>\n<\/div><div class=\"wpcf7-response-output\" aria-hidden=\"true\"><\/div>\n<\/form>\n<\/div>\n[\/vc_column][\/vc_row][vc_row][vc_column][vc_column_text][\/vc_column_text][\/vc_column][\/vc_row]<\/p>\n<\/section>","protected":false},"excerpt":{"rendered":"<p>[vc_row css=&#8221;.vc_custom_1485423383193{margin-bottom: 20px !important;}&#8221;][vc_column css=&#8221;.vc_custom_1485424286916{margin-bottom: 30px !important;}&#8221; offset=&#8221;vc_col-lg-4&#8243;][vc_column_text el_class=&#8221;border_base_color&#8221; css=&#8221;.vc_custom_1519996119932{margin-bottom: 28px !important;border-bottom-width: 3px !important;padding-bottom: 32px !important;border-bottom-color: #002e5b !important;border-bottom-style: solid !important;}&#8221;]Ha k\u00e9rd\u00e9se akadt vagy t\u00f6bbet szeretne megtudni c\u00e9g\u00fcnkr\u0151l, k\u00e9rj\u00fck haszn\u00e1lja az \u00fczenetk\u00fcld\u0151 \u0171rlapot vagy keressen minket az al\u00e1bbi el\u00e9rhet\u0151s\u00e9gek egyik\u00e9n.[\/vc_column_text][stm_contacts_widget style=&#8221;style_4&#8243; email=&#8221;info@ebc.hu&#8221; phone=&#8221;+36 30 210 7234&#8243; title=&#8221;Enterprise Business Consulting Kft.&#8221; address=&#8221;1212 Budapest, Brass\u00f3i utca 21.&#8221; facebook=&#8221;https:\/\/www.facebook.com\/EnterpriseBusinessConsultingKft\/&#8221;<\/p>\n","protected":false},"author":2,"featured_media":0,"parent":0,"menu_order":0,"comment_status":"closed","ping_status":"closed","template":"","meta":{"footnotes":""},"class_list":["post-2128","page","type-page","status-publish","hentry"],"acf":[],"yoast_head":"<!-- This site is optimized with the Yoast SEO Premium plugin v20.3 (Yoast SEO v20.5) - https:\/\/yoast.com\/wordpress\/plugins\/seo\/ -->\n<title>Contact - Team EBC<\/title>\n<meta name=\"robots\" content=\"index, follow, max-snippet:-1, max-image-preview:large, max-video-preview:-1\" \/>\n<link rel=\"canonical\" href=\"https:\/\/ebc.hu\/en\/contact\/\" \/>\n<meta property=\"og:locale\" content=\"en_US\" \/>\n<meta property=\"og:type\" content=\"article\" \/>\n<meta property=\"og:title\" content=\"Contact\" \/>\n<meta property=\"og:description\" content=\"[vc_row css=&#8221;.vc_custom_1485423383193{margin-bottom: 20px !important;}&#8221;][vc_column css=&#8221;.vc_custom_1485424286916{margin-bottom: 30px !important;}&#8221; offset=&#8221;vc_col-lg-4&#8243;][vc_column_text el_class=&#8221;border_base_color&#8221; css=&#8221;.vc_custom_1519996119932{margin-bottom: 28px !important;border-bottom-width: 3px !important;padding-bottom: 32px !important;border-bottom-color: #002e5b !important;border-bottom-style: solid !important;}&#8221;]Ha k\u00e9rd\u00e9se akadt vagy t\u00f6bbet szeretne megtudni c\u00e9g\u00fcnkr\u0151l, k\u00e9rj\u00fck haszn\u00e1lja az \u00fczenetk\u00fcld\u0151 \u0171rlapot vagy keressen minket az al\u00e1bbi el\u00e9rhet\u0151s\u00e9gek egyik\u00e9n.[\/vc_column_text][stm_contacts_widget style=&#8221;style_4&#8243; email=&#8221;info@ebc.hu&#8221; phone=&#8221;+36 30 210 7234&#8243; title=&#8221;Enterprise Business Consulting Kft.&#8221; address=&#8221;1212 Budapest, Brass\u00f3i utca 21.&#8221; facebook=&#8221;https:\/\/www.facebook.com\/EnterpriseBusinessConsultingKft\/&#8221;\" \/>\n<meta property=\"og:url\" content=\"https:\/\/ebc.hu\/en\/contact\/\" \/>\n<meta property=\"og:site_name\" content=\"Team EBC\" \/>\n<meta property=\"article:publisher\" content=\"https:\/\/www.facebook.com\/EnterpriseBusinessConsultingKft\/\" \/>\n<meta property=\"article:modified_time\" content=\"2018-05-22T09:37:40+00:00\" \/>\n<meta property=\"og:image\" content=\"https:\/\/ebc.hu\/wp-content\/uploads\/2018\/09\/ebc-og-image.jpg\" \/>\n\t<meta property=\"og:image:width\" content=\"1200\" \/>\n\t<meta property=\"og:image:height\" content=\"630\" \/>\n\t<meta property=\"og:image:type\" content=\"image\/jpeg\" \/>\n<meta name=\"twitter:card\" content=\"summary_large_image\" \/>\n<meta name=\"twitter:label1\" content=\"Est. reading time\" \/>\n\t<meta name=\"twitter:data1\" content=\"1 minute\" \/>\n<script type=\"application\/ld+json\" class=\"yoast-schema-graph\">{\"@context\":\"https:\/\/schema.org\",\"@graph\":[{\"@type\":\"WebPage\",\"@id\":\"https:\/\/ebc.hu\/en\/contact\/\",\"url\":\"https:\/\/ebc.hu\/en\/contact\/\",\"name\":\"Contact - Team EBC\",\"isPartOf\":{\"@id\":\"https:\/\/ebc.hu\/en\/#website\"},\"datePublished\":\"2018-04-04T12:29:15+00:00\",\"dateModified\":\"2018-05-22T09:37:40+00:00\",\"breadcrumb\":{\"@id\":\"https:\/\/ebc.hu\/en\/contact\/#breadcrumb\"},\"inLanguage\":\"en-US\",\"potentialAction\":[{\"@type\":\"ReadAction\",\"target\":[\"https:\/\/ebc.hu\/en\/contact\/\"]}]},{\"@type\":\"BreadcrumbList\",\"@id\":\"https:\/\/ebc.hu\/en\/contact\/#breadcrumb\",\"itemListElement\":[{\"@type\":\"ListItem\",\"position\":1,\"name\":\"Home\",\"item\":\"https:\/\/ebc.hu\/en\/\"},{\"@type\":\"ListItem\",\"position\":2,\"name\":\"Contact\"}]},{\"@type\":\"WebSite\",\"@id\":\"https:\/\/ebc.hu\/en\/#website\",\"url\":\"https:\/\/ebc.hu\/en\/\",\"name\":\"Team EBC\",\"description\":\"Your partner in SAP technology &amp; development\",\"publisher\":{\"@id\":\"https:\/\/ebc.hu\/en\/#organization\"},\"potentialAction\":[{\"@type\":\"SearchAction\",\"target\":{\"@type\":\"EntryPoint\",\"urlTemplate\":\"https:\/\/ebc.hu\/en\/?s={search_term_string}\"},\"query-input\":\"required name=search_term_string\"}],\"inLanguage\":\"en-US\"},{\"@type\":\"Organization\",\"@id\":\"https:\/\/ebc.hu\/en\/#organization\",\"name\":\"Enterprise Business Consulting Kft.\",\"url\":\"https:\/\/ebc.hu\/en\/\",\"logo\":{\"@type\":\"ImageObject\",\"inLanguage\":\"en-US\",\"@id\":\"https:\/\/ebc.hu\/en\/#\/schema\/logo\/image\/\",\"url\":\"https:\/\/ebc.hu\/wp-content\/uploads\/2018\/09\/enterprise-business-consulting-logo.png\",\"contentUrl\":\"https:\/\/ebc.hu\/wp-content\/uploads\/2018\/09\/enterprise-business-consulting-logo.png\",\"width\":350,\"height\":82,\"caption\":\"Enterprise Business Consulting Kft.\"},\"image\":{\"@id\":\"https:\/\/ebc.hu\/en\/#\/schema\/logo\/image\/\"},\"sameAs\":[\"https:\/\/www.facebook.com\/EnterpriseBusinessConsultingKft\/\"]}]}<\/script>\n<!-- \/ Yoast SEO Premium plugin. -->","yoast_head_json":{"title":"Contact - Team EBC","robots":{"index":"index","follow":"follow","max-snippet":"max-snippet:-1","max-image-preview":"max-image-preview:large","max-video-preview":"max-video-preview:-1"},"canonical":"https:\/\/ebc.hu\/en\/contact\/","og_locale":"en_US","og_type":"article","og_title":"Contact","og_description":"[vc_row css=&#8221;.vc_custom_1485423383193{margin-bottom: 20px !important;}&#8221;][vc_column css=&#8221;.vc_custom_1485424286916{margin-bottom: 30px !important;}&#8221; offset=&#8221;vc_col-lg-4&#8243;][vc_column_text el_class=&#8221;border_base_color&#8221; css=&#8221;.vc_custom_1519996119932{margin-bottom: 28px !important;border-bottom-width: 3px !important;padding-bottom: 32px !important;border-bottom-color: #002e5b !important;border-bottom-style: solid !important;}&#8221;]Ha k\u00e9rd\u00e9se akadt vagy t\u00f6bbet szeretne megtudni c\u00e9g\u00fcnkr\u0151l, k\u00e9rj\u00fck haszn\u00e1lja az \u00fczenetk\u00fcld\u0151 \u0171rlapot vagy keressen minket az al\u00e1bbi el\u00e9rhet\u0151s\u00e9gek egyik\u00e9n.[\/vc_column_text][stm_contacts_widget style=&#8221;style_4&#8243; email=&#8221;info@ebc.hu&#8221; phone=&#8221;+36 30 210 7234&#8243; title=&#8221;Enterprise Business Consulting Kft.&#8221; address=&#8221;1212 Budapest, Brass\u00f3i utca 21.&#8221; facebook=&#8221;https:\/\/www.facebook.com\/EnterpriseBusinessConsultingKft\/&#8221;","og_url":"https:\/\/ebc.hu\/en\/contact\/","og_site_name":"Team EBC","article_publisher":"https:\/\/www.facebook.com\/EnterpriseBusinessConsultingKft\/","article_modified_time":"2018-05-22T09:37:40+00:00","og_image":[{"width":1200,"height":630,"url":"https:\/\/ebc.hu\/wp-content\/uploads\/2018\/09\/ebc-og-image.jpg","type":"image\/jpeg"}],"twitter_card":"summary_large_image","twitter_misc":{"Est. reading time":"1 minute"},"schema":{"@context":"https:\/\/schema.org","@graph":[{"@type":"WebPage","@id":"https:\/\/ebc.hu\/en\/contact\/","url":"https:\/\/ebc.hu\/en\/contact\/","name":"Contact - Team EBC","isPartOf":{"@id":"https:\/\/ebc.hu\/en\/#website"},"datePublished":"2018-04-04T12:29:15+00:00","dateModified":"2018-05-22T09:37:40+00:00","breadcrumb":{"@id":"https:\/\/ebc.hu\/en\/contact\/#breadcrumb"},"inLanguage":"en-US","potentialAction":[{"@type":"ReadAction","target":["https:\/\/ebc.hu\/en\/contact\/"]}]},{"@type":"BreadcrumbList","@id":"https:\/\/ebc.hu\/en\/contact\/#breadcrumb","itemListElement":[{"@type":"ListItem","position":1,"name":"Home","item":"https:\/\/ebc.hu\/en\/"},{"@type":"ListItem","position":2,"name":"Contact"}]},{"@type":"WebSite","@id":"https:\/\/ebc.hu\/en\/#website","url":"https:\/\/ebc.hu\/en\/","name":"Team EBC","description":"Your partner in SAP technology &amp; development","publisher":{"@id":"https:\/\/ebc.hu\/en\/#organization"},"potentialAction":[{"@type":"SearchAction","target":{"@type":"EntryPoint","urlTemplate":"https:\/\/ebc.hu\/en\/?s={search_term_string}"},"query-input":"required name=search_term_string"}],"inLanguage":"en-US"},{"@type":"Organization","@id":"https:\/\/ebc.hu\/en\/#organization","name":"Enterprise Business Consulting Kft.","url":"https:\/\/ebc.hu\/en\/","logo":{"@type":"ImageObject","inLanguage":"en-US","@id":"https:\/\/ebc.hu\/en\/#\/schema\/logo\/image\/","url":"https:\/\/ebc.hu\/wp-content\/uploads\/2018\/09\/enterprise-business-consulting-logo.png","contentUrl":"https:\/\/ebc.hu\/wp-content\/uploads\/2018\/09\/enterprise-business-consulting-logo.png","width":350,"height":82,"caption":"Enterprise Business Consulting Kft."},"image":{"@id":"https:\/\/ebc.hu\/en\/#\/schema\/logo\/image\/"},"sameAs":["https:\/\/www.facebook.com\/EnterpriseBusinessConsultingKft\/"]}]}},"_links":{"self":[{"href":"https:\/\/ebc.hu\/en\/wp-json\/wp\/v2\/pages\/2128","targetHints":{"allow":["GET"]}}],"collection":[{"href":"https:\/\/ebc.hu\/en\/wp-json\/wp\/v2\/pages"}],"about":[{"href":"https:\/\/ebc.hu\/en\/wp-json\/wp\/v2\/types\/page"}],"author":[{"embeddable":true,"href":"https:\/\/ebc.hu\/en\/wp-json\/wp\/v2\/users\/2"}],"replies":[{"embeddable":true,"href":"https:\/\/ebc.hu\/en\/wp-json\/wp\/v2\/comments?post=2128"}],"version-history":[{"count":8,"href":"https:\/\/ebc.hu\/en\/wp-json\/wp\/v2\/pages\/2128\/revisions"}],"predecessor-version":[{"id":2298,"href":"https:\/\/ebc.hu\/en\/wp-json\/wp\/v2\/pages\/2128\/revisions\/2298"}],"wp:attachment":[{"href":"https:\/\/ebc.hu\/en\/wp-json\/wp\/v2\/media?parent=2128"}],"curies":[{"name":"wp","href":"https:\/\/api.w.org\/{rel}","templated":true}]}}